{"id":616,"date":"2023-11-21T05:17:14","date_gmt":"2023-11-21T11:17:14","guid":{"rendered":"https:\/\/terrabeautydenisse.com\/?post_type=product&#038;p=616"},"modified":"2024-04-15T14:06:35","modified_gmt":"2024-04-15T20:06:35","slug":"gel-capilar-anticaida-con-extractos-naturales-de-arnica-romero-y-limon","status":"publish","type":"product","link":"https:\/\/terrabeautydenisse.com\/index.php\/producto\/gel-capilar-anticaida-con-extractos-naturales-de-arnica-romero-y-limon\/","title":{"rendered":"Gel Capilar Antica\u00edda"},"content":{"rendered":"<p>El <strong>Gel Capilar Antica\u00edda de Terramar<\/strong> es una soluci\u00f3n innovadora para quienes buscan no solo mantener su peinado, sino tambi\u00e9n fortalecer su cabello y prevenir su ca\u00edda. Este producto combina la funcionalidad de un gel para el cabello con el beneficio adicional de ingredientes naturales que promueven la salud capilar.<\/p>\n<p><strong>Ingredientes Clave y Beneficios:<\/strong><\/p>\n<ul>\n<li><strong>Extracto de Arnica:<\/strong> Estimula el cuero cabelludo, aumentando la circulaci\u00f3n sangu\u00ednea, lo que es esencial para el crecimiento de cabello fuerte y la prevenci\u00f3n de su ca\u00edda.<\/li>\n<li><strong>Aceite Esencial de Romero:<\/strong> Ayuda a revitalizar los fol\u00edculos pilosos y mejora la fuerza y la resistencia del cabello desde la ra\u00edz.<\/li>\n<li><strong>Extracto de Lim\u00f3n:<\/strong> Rico en vitaminas y antioxidantes, el lim\u00f3n proporciona un efecto de limpieza y refrescante, manteniendo el cuero cabelludo saludable y libre de impurezas.<\/li>\n<\/ul>\n<p><strong>Modo de Uso:<\/strong><\/p>\n<ul>\n<li>Despu\u00e9s de lavar y tratar el cabello con el Shampoo y Tratamiento Capilar Antica\u00edda de Terramar, aplique una cantidad peque\u00f1a del Gel Capilar Antica\u00edda en la palma de su mano.<\/li>\n<li>Distribuya el gel uniformemente por el cabello h\u00famedo o seco, dando forma a su peinado como desee.<\/li>\n<li>No es necesario enjuagar, ya que el gel contin\u00faa trabajando en el fortalecimiento de su cabello durante todo el d\u00eda.<\/li>\n<\/ul>\n<p>El uso regular del Gel Capilar Antica\u00edda de Terramar es ideal para aquellos que desean un estilo de cabello definido y natural, mientras cuidan activamente la salud de su cuero cabelludo y cabello. Este gel no solo proporciona una fijaci\u00f3n suave y duradera, sino que tambi\u00e9n ayuda a reducir la ca\u00edda del cabello y a promover su crecimiento, dejando<\/p>\n","protected":false},"excerpt":{"rendered":"<ul>\n<li>Ofrece una fijaci\u00f3n ligera sin dejar residuos pegajosos.<\/li>\n<li>Contin\u00faa el tratamiento antica\u00edda durante todo el d\u00eda.<\/li>\n<li>Protege el cabello y el cuero cabelludo de los factores externos.<\/li>\n<li>Mantiene el estilo del cabello, mejorando su manejabilidad y aspecto.<\/li>\n<\/ul>\n","protected":false},"featured_media":951,"template":"","meta":[],"product_cat":[23,26],"product_tag":[],"featured_image_urls":{"full":["https:\/\/terrabeautydenisse.com\/wp-content\/uploads\/2023\/11\/Gel-Capilar-Anticaida-1.png",800,1066,false],"thumbnail":["https:\/\/terrabeautydenisse.com\/wp-content\/uploads\/2023\/11\/Gel-Capilar-Anticaida-1.png",113,150,false],"medium":["https:\/\/terrabeautydenisse.com\/wp-content\/uploads\/2023\/11\/Gel-Capilar-Anticaida-1.png",225,300,false],"medium_large":["https:\/\/terrabeautydenisse.com\/wp-content\/uploads\/2023\/11\/Gel-Capilar-Anticaida-1.png",768,1023,false],"large":["https:\/\/terrabeautydenisse.com\/wp-content\/uploads\/2023\/11\/Gel-Capilar-Anticaida-1.png",768,1024,false],"1536x1536":["https:\/\/terrabeautydenisse.com\/wp-content\/uploads\/2023\/11\/Gel-Capilar-Anticaida-1.png",800,1066,false],"2048x2048":["https:\/\/terrabeautydenisse.com\/wp-content\/uploads\/2023\/11\/Gel-Capilar-Anticaida-1.png",800,1066,false],"woocommerce_archive_thumbnail":["https:\/\/terrabeautydenisse.com\/wp-content\/uploads\/2023\/11\/Gel-Capilar-Anticaida-1-500x500.png",500,500,true],"woocommerce_thumbnail":["https:\/\/terrabeautydenisse.com\/wp-content\/uploads\/2023\/11\/Gel-Capilar-Anticaida-1.png",300,400,false],"woocommerce_single":["https:\/\/terrabeautydenisse.com\/wp-content\/uploads\/2023\/11\/Gel-Capilar-Anticaida-1.png",600,800,false],"woocommerce_gallery_thumbnail":["https:\/\/terrabeautydenisse.com\/wp-content\/uploads\/2023\/11\/Gel-Capilar-Anticaida-1-100x100.png",100,100,true]},"post_excerpt_stackable":"<ul>\n<li>Ofrece una fijaci\u00f3n ligera sin dejar residuos pegajosos.<\/li>\n<li>Contin\u00faa el tratamiento antica\u00edda durante todo el d\u00eda.<\/li>\n<li>Protege el cabello y el cuero cabelludo de los factores externos.<\/li>\n<li>Mantiene el estilo del cabello, mejorando su manejabilidad y aspecto.<\/li>\n<\/ul>\n","category_list":"","author_info":{"name":"","url":""},"comments_num":"0 comentarios","_links":{"self":[{"href":"https:\/\/terrabeautydenisse.com\/index.php\/wp-json\/wp\/v2\/product\/616"}],"collection":[{"href":"https:\/\/terrabeautydenisse.com\/index.php\/wp-json\/wp\/v2\/product"}],"about":[{"href":"https:\/\/terrabeautydenisse.com\/index.php\/wp-json\/wp\/v2\/types\/product"}],"wp:featuredmedia":[{"embeddable":true,"href":"https:\/\/terrabeautydenisse.com\/index.php\/wp-json\/wp\/v2\/media\/951"}],"wp:attachment":[{"href":"https:\/\/terrabeautydenisse.com\/index.php\/wp-json\/wp\/v2\/media?parent=616"}],"wp:term":[{"taxonomy":"product_cat","embeddable":true,"href":"https:\/\/terrabeautydenisse.com\/index.php\/wp-json\/wp\/v2\/product_cat?post=616"},{"taxonomy":"product_tag","embeddable":true,"href":"https:\/\/terrabeautydenisse.com\/index.php\/wp-json\/wp\/v2\/product_tag?post=616"}],"curies":[{"name":"wp","href":"https:\/\/api.w.org\/{rel}","templated":true}]}}